{"id":3401,"date":"2022-08-26T15:31:10","date_gmt":"2022-08-26T15:31:10","guid":{"rendered":"https:\/\/www.raisedbogs.ie\/protected-raised-bog-restoration-incentive-scheme-prbris\/"},"modified":"2025-12-10T10:55:27","modified_gmt":"2025-12-10T10:55:27","slug":"protected-raised-bog-restoration-incentive-scheme-prbris","status":"publish","type":"page","link":"https:\/\/www.raisedbogs.ie\/ga\/protected-raised-bog-restoration-incentive-scheme-prbris\/","title":{"rendered":"An Sc\u00e9im Dreasachta Athch\u00f3irithe ar Phortaigh Ardaithe faoi Chosaint (PRBRIS)"},"content":{"rendered":"<p>Is sc\u00e9im c\u00faitimh aonuaire limist\u00e9arbhunaithe agus sc\u00e9im cheannaigh tal\u00fan \u00ed an Sc\u00e9im Dreasachta Athbhunaithe Phortaigh Ardaithe faoi Chosaint (PRBRIS). T\u00e1 an sc\u00e9im oscailte d\u2019iarratais \u00f3 shealbh\u00f3ir\u00ed ceart maoine inch\u00e1ilithe ar mian leo a dtailte a chur san \u00e1ireamh mar chuid den sc\u00e9im athch\u00f3irithe n\u00f3 sa ch\u00e1s go bhfuil rochtain ag teast\u00e1il le haghaidh oibreacha athch\u00f3irithe laistigh de phortaigh ardaithe LCSanna\/LONanna.<\/p>\n<p>T\u00e1 an sc\u00e9im seo, a ndearnadh p\u00edol\u00f3t\u00fa rath\u00fail uirthi faoi Thionscadal Athch\u00f3irithe Phortaigh Ardaithe <strong>LIFE14_NAT_IE_000032<\/strong> (An Portach Beo), oscailte do shealbh\u00f3ir\u00ed cirt saorchoinne\u00e1la, feo simpl\u00ed agus m\u00f3na inch\u00e1ilithe de phortaigh a aonta\u00edonn freastal ar na bearta athch\u00f3irithe ar Limist\u00e9ir Chaomhantais Speisialta (SACanna) agus Limist\u00e9ir Oidhreachta N\u00e1d\u00fartha (LHAnna) ar phortaigh ardaithe mar chuid den chl\u00e1r n\u00e1isi\u00fanta.<\/p>\n<p>Nuair a bhuna\u00edtear inch\u00e1ilitheacht, is f\u00e9idir leis an sc\u00e9im c\u00faiteamh a thabhairt do shealbh\u00f3ir\u00ed teidil ru\u00edlse, sealbh\u00f3ir\u00ed cirt shimpl\u00ed agus m\u00f3na a bhfuil a dtailte laistigh n\u00f3 ar imeall na limist\u00e9ar roghnaithe seo.<\/p>\n<p>T\u00e1 sonra\u00ed maidir le T\u00e9arma\u00ed agus Coinn\u00edollacha na Sc\u00e9ime agus an Fhoirm Iarratais a theasta\u00edonn chun iarratas a dh\u00e9anamh ar f\u00e1il tr\u00ed na naisc th\u00edos:<\/p>\n<p>&nbsp;<br \/>\n<a href=\"\/wp-content\/uploads\/2022\/08\/prbris-terms-and-conditions-english.pdf\"><img loading=\"lazy\" decoding=\"async\" class=\"alignnone size-full wp-image-2809\" src=\"https:\/\/www.raisedbogs.ie\/wp-content\/uploads\/2022\/08\/icon_pdf_doc.gif\" alt=\"\" width=\"16\" height=\"16\"> T\u00e9arma\u00ed &amp; Coinn\u00edollacha PBRIS (B\u00e9arla) &#8211; PDF<\/a><\/p>\n<p><a href=\"\/wp-content\/uploads\/2022\/08\/prbris-terms-and-conditions-gaeilge.pdf\"><img loading=\"lazy\" decoding=\"async\" class=\"alignnone size-full wp-image-2809\" src=\"https:\/\/www.raisedbogs.ie\/wp-content\/uploads\/2022\/08\/icon_pdf_doc.gif\" alt=\"\" width=\"16\" height=\"16\"> T\u00e9arma\u00ed &amp; Coinn\u00edollacha PBRIS (Gaelige) &#8211; PDF<\/a><\/p>\n<p>&nbsp;<\/p>\n<p><a href=\"\/wp-content\/uploads\/2022\/08\/prbris-application-form-english.pdf\"><img loading=\"lazy\" decoding=\"async\" class=\"alignnone size-full wp-image-2809\" src=\"https:\/\/www.raisedbogs.ie\/wp-content\/uploads\/2022\/08\/icon_pdf_doc.gif\" alt=\"\" width=\"16\" height=\"16\"> Foirm Iarratais PBRIS (B\u00e9arla) &#8211; PDF<\/a><\/p>\n<p><a href=\"\/wp-content\/uploads\/2022\/08\/prbris-application-form-gaeilge.pdf\"><img loading=\"lazy\" decoding=\"async\" class=\"alignnone size-full wp-image-2809\" src=\"https:\/\/www.raisedbogs.ie\/wp-content\/uploads\/2022\/08\/icon_pdf_doc.gif\" alt=\"\" width=\"16\" height=\"16\"> Foirm Iarratais PBRIS (Gaelige) &#8211; PDF<\/a><\/p>\n<p>&nbsp;<\/p>\n","protected":false},"excerpt":{"rendered":"<p>Is sc\u00e9im c\u00faitimh aonuaire limist\u00e9arbhunaithe agus sc\u00e9im cheannaigh tal\u00fan \u00ed an Sc\u00e9im Dreasachta Athbhunaithe Phortaigh Ardaithe faoi Chosaint (PRBRIS). T\u00e1 an sc\u00e9im oscailte d\u2019iarratais \u00f3 shealbh\u00f3ir\u00ed ceart maoine inch\u00e1ilithe ar [&hellip;]<\/p>\n","protected":false},"author":5,"featured_media":0,"parent":0,"menu_order":0,"comment_status":"closed","ping_status":"closed","template":"","meta":{"_acf_changed":false,"_EventAllDay":false,"_EventTimezone":"","_EventStartDate":"","_EventEndDate":"","_EventStartDateUTC":"","_EventEndDateUTC":"","_EventShowMap":false,"_EventShowMapLink":false,"_EventURL":"","_EventCost":"","_EventCostDescription":"","_EventCurrencySymbol":"","_EventCurrencyCode":"","_EventCurrencyPosition":"","_EventDateTimeSeparator":"","_EventTimeRangeSeparator":"","_EventOrganizerID":[],"_EventVenueID":[],"_OrganizerEmail":"","_OrganizerPhone":"","_OrganizerWebsite":"","_VenueAddress":"","_VenueCity":"","_VenueCountry":"","_VenueProvince":"","_VenueState":"","_VenueZip":"","_VenuePhone":"","_VenueURL":"","_VenueStateProvince":"","_VenueLat":"","_VenueLng":"","_VenueShowMap":false,"_VenueShowMapLink":false,"footnotes":""},"class_list":["post-3401","page","type-page","status-publish","hentry"],"acf":[],"_links":{"self":[{"href":"https:\/\/www.raisedbogs.ie\/ga\/wp-json\/wp\/v2\/pages\/3401","targetHints":{"allow":["GET"]}}],"collection":[{"href":"https:\/\/www.raisedbogs.ie\/ga\/wp-json\/wp\/v2\/pages"}],"about":[{"href":"https:\/\/www.raisedbogs.ie\/ga\/wp-json\/wp\/v2\/types\/page"}],"author":[{"embeddable":true,"href":"https:\/\/www.raisedbogs.ie\/ga\/wp-json\/wp\/v2\/users\/5"}],"replies":[{"embeddable":true,"href":"https:\/\/www.raisedbogs.ie\/ga\/wp-json\/wp\/v2\/comments?post=3401"}],"version-history":[{"count":1,"href":"https:\/\/www.raisedbogs.ie\/ga\/wp-json\/wp\/v2\/pages\/3401\/revisions"}],"predecessor-version":[{"id":3504,"href":"https:\/\/www.raisedbogs.ie\/ga\/wp-json\/wp\/v2\/pages\/3401\/revisions\/3504"}],"wp:attachment":[{"href":"https:\/\/www.raisedbogs.ie\/ga\/wp-json\/wp\/v2\/media?parent=3401"}],"curies":[{"name":"wp","href":"https:\/\/api.w.org\/{rel}","templated":true}]}}