{"id":3298,"date":"2022-12-16T10:45:39","date_gmt":"2022-12-16T10:45:39","guid":{"rendered":"https:\/\/www.raisedbogs.ie\/infagrafaiocht\/"},"modified":"2022-12-28T11:24:23","modified_gmt":"2022-12-28T11:24:23","slug":"infagrafaiocht","status":"publish","type":"page","link":"https:\/\/www.raisedbogs.ie\/ga\/infagrafaiocht\/","title":{"rendered":"Grafach Eolas"},"content":{"rendered":"<style>\n.dynamic-columns .wp-block-column a img {\n    float: right;\n  }\n@media only screen and (max-width: 780px) {\n  .dynamic-columns .wp-block-column a img {\n    float: left;\n  }\n}\n<\/style>\n<div class=\"wp-block-columns dynamic-columns\">\n<div class=\"wp-block-column\"><a href=\"https:\/\/www.raisedbogs.ie\/wp-content\/uploads\/2022\/12\/What_Is_A_Peatland.pdf\"><br \/>\n<img decoding=\"async\" src=\"https:\/\/www.raisedbogs.ie\/wp-content\/uploads\/2022\/12\/What_Is_A_Peatland.png\" alt=\"Cad is Tailte M\u00f3na ann? - PDF\" style=\"width: 100px; padding-right: 20px;\"><\/a>\n<\/div>\n<div class=\"wp-block-column\"><a href=\"https:\/\/www.raisedbogs.ie\/wp-content\/uploads\/2022\/12\/What_Is_A_Peatland.pdf\"><br \/>\n\u00cdosl\u00f3d\u00e1il PDF &#8211; Cad is Tailte M\u00f3na ann?<\/a>\n<\/div>\n<\/div>\n<hr style=\"width: 80%\">\n<div class=\"wp-block-columns dynamic-columns\">\n<div class=\"wp-block-column\"><a href=\"https:\/\/www.raisedbogs.ie\/wp-content\/uploads\/2022\/12\/Peatlands_And_Climate_Change.pdf\"><br \/>\n<img decoding=\"async\" src=\"https:\/\/www.raisedbogs.ie\/wp-content\/uploads\/2022\/12\/Peatlands_And_Climate_Change.png\" alt=\"Tailte M\u00f3na agus Athr\u00fa Aer\u00e1ide - PDF\" style=\"width: 100px; padding-right: 20px;\"><\/a>\n<\/div>\n<div class=\"wp-block-column\"><a href=\"https:\/\/www.raisedbogs.ie\/wp-content\/uploads\/2022\/12\/Peatlands_And_Climate_Change.pdf\"><br \/>\n\u00cdosl\u00f3d\u00e1il PDF &#8211; Tailte M\u00f3na agus Athr\u00fa Aer\u00e1ide<\/a>\n<\/div>\n<\/div>\n<hr style=\"width: 80%\">\n<div class=\"wp-block-columns dynamic-columns\">\n<div class=\"wp-block-column\"><a href=\"https:\/\/www.raisedbogs.ie\/wp-content\/uploads\/2022\/12\/How_To_Help.pdf\"><br \/>\n<img decoding=\"async\" src=\"https:\/\/www.raisedbogs.ie\/wp-content\/uploads\/2022\/12\/How_To_Help.png\" alt=\"Cad is f\u00e9idir leat a dh\u00e9anamh do thailte M\u00f3na? - PDF\" style=\"width: 100px; padding-right: 20px;\"><\/a>\n<\/div>\n<div class=\"wp-block-column\"><a href=\"https:\/\/www.raisedbogs.ie\/wp-content\/uploads\/2022\/12\/How_To_Help.pdf\"><br \/>\n\u00cdosl\u00f3d\u00e1il PDF &#8211; Cad is f\u00e9idir leat a dh\u00e9anamh do thailte M\u00f3na?<\/a>\n<\/div>\n<\/div>\n<hr style=\"width: 80%\">\n<div class=\"wp-block-columns dynamic-columns\">\n<div class=\"wp-block-column\"><a href=\"https:\/\/www.raisedbogs.ie\/wp-content\/uploads\/2022\/12\/Ecosystem_Services.pdf\"><br \/>\n<img decoding=\"async\" src=\"https:\/\/www.raisedbogs.ie\/wp-content\/uploads\/2022\/12\/Ecosystem_Services.png\" alt=\"Cad a dh\u00e9anann Tailte M\u00f3na d\u00fainn? - PDF\" style=\"width: 100px; padding-right: 20px;\"><\/a>\n<\/div>\n<div class=\"wp-block-column\"><a href=\"https:\/\/www.raisedbogs.ie\/wp-content\/uploads\/2022\/12\/Ecosystem_Services.pdf\"><br \/>\n\u00cdosl\u00f3d\u00e1il PDF &#8211; Cad a dh\u00e9anann Tailte M\u00f3na d\u00fainn?<\/a>\n<\/div>\n<\/div>\n<hr style=\"width: 80%\">\n<div class=\"wp-block-columns dynamic-columns\">\n<div class=\"wp-block-column\"><a href=\"https:\/\/www.raisedbogs.ie\/wp-content\/uploads\/2022\/12\/Peatlands-Conservation-Figures.pdf\"><br \/>\n<img decoding=\"async\" src=\"https:\/\/www.raisedbogs.ie\/wp-content\/uploads\/2022\/12\/Peatlands-Conservation-Figures.png\" alt=\"Figi\u00fair\u00ed Caomhantais Tailte M\u00f3na - PDF\" style=\"width: 100px; padding-right: 20px;\"><\/a>\n<\/div>\n<div class=\"wp-block-column\"><a href=\"https:\/\/www.raisedbogs.ie\/wp-content\/uploads\/2022\/12\/Peatlands-Conservation-Figures.pdf\"><br \/>\n\u00cdosl\u00f3d\u00e1il PDF &#8211; Figi\u00fair\u00ed Caomhantais Tailte M\u00f3na<\/a>\n<\/div>\n<\/div>\n<hr style=\"width: 80%\">\n<div class=\"wp-block-columns dynamic-columns\">\n<div class=\"wp-block-column\"><a href=\"https:\/\/www.raisedbogs.ie\/wp-content\/uploads\/2022\/12\/Artifacts_From_Irelands_Past.pdf\"><br \/>\n<img decoding=\"async\" src=\"https:\/\/www.raisedbogs.ie\/wp-content\/uploads\/2022\/12\/Artifacts_From_Irelands_Past.png\" alt=\"D\u00e9ant\u00fas\u00e1in \u00f3 Aimsir Chaite M\u00f3na na h\u00c9ireann - PDF\" style=\"width: 100px; padding-right: 20px;\"><\/a>\n<\/div>\n<div class=\"wp-block-column\"><a href=\"https:\/\/www.raisedbogs.ie\/wp-content\/uploads\/2022\/12\/Artifacts_From_Irelands_Past.pdf\"><br \/>\n\u00cdosl\u00f3d\u00e1il PDF \u2013 D\u00e9ant\u00fas\u00e1in \u00f3 Aimsir Chaite M\u00f3na na h\u00c9ireann<\/a>\n<\/div>\n<\/div>\n","protected":false},"excerpt":{"rendered":"<p>\u00cdosl\u00f3d\u00e1il PDF &#8211; Cad is Tailte M\u00f3na ann? \u00cdosl\u00f3d\u00e1il PDF &#8211; Tailte M\u00f3na agus Athr\u00fa Aer\u00e1ide \u00cdosl\u00f3d\u00e1il PDF &#8211; Cad is f\u00e9idir leat a dh\u00e9anamh do thailte M\u00f3na? \u00cdosl\u00f3d\u00e1il PDF [&hellip;]<\/p>\n","protected":false},"author":5,"featured_media":0,"parent":0,"menu_order":0,"comment_status":"closed","ping_status":"closed","template":"","meta":{"_acf_changed":false,"_EventAllDay":false,"_EventTimezone":"","_EventStartDate":"","_EventEndDate":"","_EventStartDateUTC":"","_EventEndDateUTC":"","_EventShowMap":false,"_EventShowMapLink":false,"_EventURL":"","_EventCost":"","_EventCostDescription":"","_EventCurrencySymbol":"","_EventCurrencyCode":"","_EventCurrencyPosition":"","_EventDateTimeSeparator":"","_EventTimeRangeSeparator":"","_EventOrganizerID":[],"_EventVenueID":[],"_OrganizerEmail":"","_OrganizerPhone":"","_OrganizerWebsite":"","_VenueAddress":"","_VenueCity":"","_VenueCountry":"","_VenueProvince":"","_VenueState":"","_VenueZip":"","_VenuePhone":"","_VenueURL":"","_VenueStateProvince":"","_VenueLat":"","_VenueLng":"","_VenueShowMap":false,"_VenueShowMapLink":false,"footnotes":""},"class_list":["post-3298","page","type-page","status-publish","hentry"],"acf":[],"_links":{"self":[{"href":"https:\/\/www.raisedbogs.ie\/ga\/wp-json\/wp\/v2\/pages\/3298","targetHints":{"allow":["GET"]}}],"collection":[{"href":"https:\/\/www.raisedbogs.ie\/ga\/wp-json\/wp\/v2\/pages"}],"about":[{"href":"https:\/\/www.raisedbogs.ie\/ga\/wp-json\/wp\/v2\/types\/page"}],"author":[{"embeddable":true,"href":"https:\/\/www.raisedbogs.ie\/ga\/wp-json\/wp\/v2\/users\/5"}],"replies":[{"embeddable":true,"href":"https:\/\/www.raisedbogs.ie\/ga\/wp-json\/wp\/v2\/comments?post=3298"}],"version-history":[{"count":2,"href":"https:\/\/www.raisedbogs.ie\/ga\/wp-json\/wp\/v2\/pages\/3298\/revisions"}],"predecessor-version":[{"id":3506,"href":"https:\/\/www.raisedbogs.ie\/ga\/wp-json\/wp\/v2\/pages\/3298\/revisions\/3506"}],"wp:attachment":[{"href":"https:\/\/www.raisedbogs.ie\/ga\/wp-json\/wp\/v2\/media?parent=3298"}],"curies":[{"name":"wp","href":"https:\/\/api.w.org\/{rel}","templated":true}]}}