{"id":3281,"date":"2022-12-16T10:01:50","date_gmt":"2022-12-16T10:01:50","guid":{"rendered":"https:\/\/www.raisedbogs.ie\/pleananna-athchoirithe-portaigh-ardaithe\/"},"modified":"2025-10-03T11:42:37","modified_gmt":"2025-10-03T11:42:37","slug":"pleananna-athchoirithe-portaigh-ardaithe","status":"publish","type":"page","link":"https:\/\/www.raisedbogs.ie\/ga\/pleananna-athchoirithe-portaigh-ardaithe\/","title":{"rendered":"Pleananna Athch\u00f3irithe na bPortach Ardaithe"},"content":{"rendered":"\n<p>T\u00e1 na pleananna athch\u00f3irithe seo forbartha ag Seirbh\u00eds P\u00e1irceanna N\u00e1isi\u00fanta agus Fiadh\u00falra (SPNF) na Roinne Tith\u00edochta, Rialtais \u00c1iti\u00fail agus Oidhreachta chun molta\u00ed a leagan amach chun portaigh ardaithe agus gn\u00e1th\u00f3ga gaolmhara a athch\u00f3iri\u00fa.<\/p>\n\n<p>Pleananna athch\u00f3irithe:<\/p>\n\n<div style=\"height:24px\" aria-hidden=\"true\" class=\"wp-block-spacer\"><\/div>\n\n<div class=\"wp-block-columns is-layout-flex wp-container-core-columns-is-layout-9d6595d7 wp-block-columns-is-layout-flex\">\n<div class=\"wp-block-column is-layout-flow wp-block-column-is-layout-flow\">\n<h2 class=\"wp-block-heading\" id=\"atob\">A-B<\/h2>\n\n\n\n<ul class=\"wp-block-list\">\n<li><a href=\"https:\/\/www.raisedbogs.ie\/wp-content\/uploads\/2022\/12\/0402_RBSB13_All_Saints_Bog_and_Esker_SAC_Restoration_Plan_A01.pdf\" target=\"_blank\" rel=\"noreferrer noopener\">LCS Phortach na Naomh agus na hEascrach<\/a><\/li>\n\n\n\n<li><a href=\"https:\/\/www.raisedbogs.ie\/wp-content\/uploads\/2022\/12\/0402_RBSB13_Ardagullion_Bog_SAC_Restoration_Plan_A01.pdf\" target=\"_blank\" rel=\"noreferrer noopener\">Ard an Chuilinn Portach SAC<\/a><\/li>\n\n\n\n<li><a href=\"https:\/\/www.raisedbogs.ie\/wp-content\/uploads\/2023\/04\/0402_RBSB13_Ardgraigue_Bog_SAC_Restoration_Plan_20230330.pdf\" target=\"_blank\" rel=\"noreferrer noopener\">Portach na hArdghr\u00e1ige SAC<\/a><\/li>\n\n\n\n<li><a href=\"https:\/\/www.raisedbogs.ie\/wp-content\/uploads\/2023\/04\/0402_RBSB13_Ballyduff_Clonfinane_Bog_SAC_Restoration_Plan_20230331.pdf\" target=\"_blank\" rel=\"noreferrer noopener\">Portach an Bhaile Dhuibh\/Chluain Fionn\u00e1in SAC<\/a><\/li>\n\n\n\n<li><a href=\"https:\/\/www.raisedbogs.ie\/wp-content\/uploads\/2022\/12\/0402_RBSB13_Ballynafagh_Bog_SAC_Restoration_Plan_A01-ME-Update.pdf\" target=\"_blank\" rel=\"noreferrer noopener\">Baile na Faiche Portach SAC<\/a><\/li>\n\n\n\n<li><a href=\"https:\/\/www.raisedbogs.ie\/wp-content\/uploads\/2022\/12\/0402_RBSB13_Ballynamona_Bog_Restoration_Plan_A01-ME-Update.pdf\" target=\"_blank\" rel=\"noreferrer noopener\">Baile na M\u00f3na Portach<\/a><\/li>\n\n\n\n<li><a href=\"https:\/\/www.raisedbogs.ie\/wp-content\/uploads\/2023\/04\/0402_RBSB13_Barroughter_Bog_SAC_Restoration_Plan_20230418_2a.pdf\" target=\"_blank\" rel=\"noreferrer noopener\">Portach Bharr Uachtair SAC<\/a><\/li>\n\n\n\n<li><a href=\"https:\/\/www.raisedbogs.ie\/wp-content\/uploads\/2023\/04\/0402_RBSB13_Bellanagare_Bog_SAC_Restoration_Plan_20230328.pdf\" target=\"_blank\" rel=\"noreferrer noopener\">Portach Bh\u00e9al \u00c1tha na gCarr SAC<\/a><\/li>\n\n\n\n<li><a href=\"https:\/\/www.raisedbogs.ie\/wp-content\/uploads\/2023\/04\/0402_RBSB13_Brown_Bog_SAC_Restoration_Plan_20230418_2a.pdf\" target=\"_blank\" rel=\"noreferrer noopener\">An tEanach Rua SAC<\/a><\/li>\n<\/ul>\n<\/div>\n\n\n\n<div class=\"wp-block-column is-layout-flow wp-block-column-is-layout-flow\">\n<h2 class=\"wp-block-heading\" id=\"ctoc\">C<\/h2>\n\n\n\n<ul class=\"wp-block-list\">\n<li><a href=\"https:\/\/www.raisedbogs.ie\/wp-content\/uploads\/2023\/04\/0402_RBSB13_Callow_Bog_SAC_Restoration_Plan_20230418_2a.pdf\" target=\"_blank\" rel=\"noreferrer noopener\">Portach an Chalaidh SAC<\/a><\/li>\n\n\n\n<li><a href=\"https:\/\/www.raisedbogs.ie\/wp-content\/uploads\/2022\/12\/0402_RBSB13_Camderry_Bog_SAC_Restoration_Plan_A01.pdf\" target=\"_blank\" rel=\"noreferrer noopener\">Camdhoire Portach SAC<\/a><\/li>\n\n\n\n<li><a href=\"https:\/\/www.raisedbogs.ie\/wp-content\/uploads\/2022\/12\/0402_RBSB13_Carn_Park_Bog_SAC_Restoration_Plan_A01.pdf\" target=\"_blank\" rel=\"noreferrer noopener\">P\u00e1irc Charn Domhnach Portach SAC<\/a><\/li>\n\n\n\n<li><a href=\"https:\/\/www.raisedbogs.ie\/wp-content\/uploads\/2022\/12\/0402_RBSB13_Carrowbehy_Caher_Bog_SAC_Restoration_Plan_A01.pdf\" target=\"_blank\" rel=\"noreferrer noopener\">Ceathr\u00fa Bheith\u00ed Caher Portach SAC<\/a><\/li>\n\n\n\n<li><a href=\"https:\/\/www.raisedbogs.ie\/wp-content\/uploads\/2022\/12\/0402_RBSB13_Carrownagappul_Bog_SAC_Restoration_Plan_A01.pdf\" target=\"_blank\" rel=\"noreferrer noopener\">Ceathr\u00fa na gCapall Portach SAC<\/a><\/li>\n\n\n\n<li><a href=\"https:\/\/www.raisedbogs.ie\/wp-content\/uploads\/2022\/12\/0402_RBSB13_Clara_Bog_SAC_Restoration_Plan_A01.pdf\" target=\"_blank\" rel=\"noreferrer noopener\">Clara Portach SAC<\/a><\/li>\n\n\n\n<li><a href=\"https:\/\/www.raisedbogs.ie\/wp-content\/uploads\/2023\/04\/0402_RBSB13_Cloonchambers_Bog_SAC_Restoration_Plan_20230330.pdf\" target=\"_blank\" rel=\"noreferrer noopener\">Portach Chluain Seamhair SAC<\/a><\/li>\n\n\n\n<li><a href=\"https:\/\/www.raisedbogs.ie\/wp-content\/uploads\/2023\/04\/0402_RBSB13_Clooneen_Bog_SAC_Restoration_Plan_20230330.pdf\" target=\"_blank\" rel=\"noreferrer noopener\">Portach an Chluain\u00edn SAC<\/a><\/li>\n\n\n\n<li><a href=\"https:\/\/www.raisedbogs.ie\/wp-content\/uploads\/2023\/04\/0402_RBSB13_Cloonmoylan_Bog_SAC_Restoration_Plan_20230331.pdf\" target=\"_blank\" rel=\"noreferrer noopener\">Portach Chluain Maol\u00e1in SAC<\/a><\/li>\n\n\n\n<li><a href=\"https:\/\/www.raisedbogs.ie\/wp-content\/uploads\/2023\/04\/0402_RBSB13_Cloonshanville_Bog_SAC_Restoration_Plan_20230330.pdf\" target=\"_blank\" rel=\"noreferrer noopener\">Portach Chluain Seanmhaoil SAC<\/a><\/li>\n\n\n\n<li><a href=\"https:\/\/www.raisedbogs.ie\/wp-content\/uploads\/2023\/04\/0402_RBSB13_Coolrain_Bog_SAC_Restoration_Plan_20230330.pdf\" target=\"_blank\" rel=\"noreferrer noopener\">Portach Ch\u00fail na Rian SAC<\/a><\/li>\n\n\n\n<li><a href=\"https:\/\/www.raisedbogs.ie\/wp-content\/uploads\/2023\/04\/0402_RBSB13_Corbo_Bog_SAC_Restoration_Plan_20230330.pdf\" target=\"_blank\" rel=\"noreferrer noopener\">Portach Chorr Bh\u00f3 SAC<\/a><\/li>\n\n\n\n<li><a href=\"https:\/\/www.raisedbogs.ie\/wp-content\/uploads\/2023\/04\/0402_RBSB13_Corliskea_Trien_Cloonfelliv_Bog_SAC_Restoration_Plan_20230330.pdf\" target=\"_blank\" rel=\"noreferrer noopener\">Portach Chorrlios Sciach\/an Triain\/Chluain Leataoibh SAC<\/a><\/li>\n\n\n\n<li><a href=\"https:\/\/www.raisedbogs.ie\/wp-content\/uploads\/2022\/12\/0402_RBSB13_Crosswood_Bog_SAC_Restoration_Plan_A01.pdf\" target=\"_blank\" rel=\"noreferrer noopener\">Coill na Croise Portach SAC<\/a><\/li>\n\n\n\n<li><a href=\"https:\/\/www.raisedbogs.ie\/wp-content\/uploads\/2022\/12\/0402_RBSB13_Curraghlehanagh_Bog_SAC_Restoration_Plan_A01.pdf\" target=\"_blank\" rel=\"noreferrer noopener\">Churrach Leitheanach Portach SAC<\/a><\/li>\n<\/ul>\n<\/div>\n<\/div>\n\n<div class=\"wp-block-columns is-layout-flex wp-container-core-columns-is-layout-9d6595d7 wp-block-columns-is-layout-flex\">\n<div class=\"wp-block-column is-layout-flow wp-block-column-is-layout-flow\">\n<h2 class=\"wp-block-heading\" id=\"dtol\">D-L<\/h2>\n\n\n\n<ul class=\"wp-block-list\">\n<li><a href=\"https:\/\/www.raisedbogs.ie\/wp-content\/uploads\/2023\/04\/0402_RBSB13_Derrinea_Bog_SAC_Restoration_Plan_20230331.pdf\" target=\"_blank\" rel=\"noreferrer noopener\">Portach Dhoire na Fhia SAC<\/a><\/li>\n\n\n\n<li><a href=\"https:\/\/www.raisedbogs.ie\/wp-content\/uploads\/2022\/12\/0402_RBSB13_Drumalough_Bog_SAC_Restoration_Plan_A01.pdf\" target=\"_blank\" rel=\"noreferrer noopener\">Droim an Locha Portach SAC<\/a><\/li>\n\n\n\n<li><a href=\"https:\/\/www.raisedbogs.ie\/wp-content\/uploads\/2022\/12\/0402_RBSB13_Ferbane_Bog_SAC_Restoration_Plan_A01-ME-Update.pdf\" target=\"_blank\" rel=\"noreferrer noopener\">An F\u00e9ar B\u00e1n Portach SAC<\/a><\/li>\n\n\n\n<li><a href=\"https:\/\/www.raisedbogs.ie\/wp-content\/uploads\/2022\/12\/0402_RBSB13_Flughany_Bog_SAC_Restoration_Plan_A01.pdf\" target=\"_blank\" rel=\"noreferrer noopener\">An Fhliuchmhuine Portach SAC<\/a><\/li>\n\n\n\n<li><a href=\"https:\/\/www.raisedbogs.ie\/wp-content\/uploads\/2022\/12\/0402_RBSB13_Garriskil_Bog_SAC_Restoration_Plan_A01-ME-Update.pdf\" target=\"_blank\" rel=\"noreferrer noopener\">Garascal Portach SAC<\/a><\/li>\n\n\n\n<li><a href=\"https:\/\/www.raisedbogs.ie\/wp-content\/uploads\/2023\/04\/0402_RBSB13_Kilcarren_Firville_Bog_SAC_Restoration_Plan_20230331.pdf\" target=\"_blank\" rel=\"noreferrer noopener\">Portach Choill U\u00ed Chair\u00edn-Bhaile na Gi\u00faise Thiar SAC<\/a><\/li>\n\n\n\n<li><a href=\"https:\/\/www.raisedbogs.ie\/wp-content\/uploads\/2022\/12\/0402_RBSB13_Killyconny_Bog_Cloghbally_SAC_Restoration_Plan_A01.pdf\" target=\"_blank\" rel=\"noreferrer noopener\">Coillidh Chonnaidh Portach Cloghbally<\/a><\/li>\n\n\n\n<li><a href=\"https:\/\/www.raisedbogs.ie\/wp-content\/uploads\/2022\/12\/0402_RBSB13_Kilsallagh_Bog_SAC_Restoration_Plan_A01.pdf\" target=\"_blank\" rel=\"noreferrer noopener\">Coill Salach Portach SAC<\/a><\/li>\n\n\n\n<li><a href=\"https:\/\/www.raisedbogs.ie\/wp-content\/uploads\/2022\/12\/0402_RBSB13_Knockacoller_Bog_SAC_Restoration_Plan_A01.pdf\" target=\"_blank\" rel=\"noreferrer noopener\">Cnoc an Choil\u00e9ir Portach SAC<\/a><\/li>\n\n\n\n<li><a href=\"https:\/\/www.raisedbogs.ie\/wp-content\/uploads\/2022\/12\/0402_RBSB13_Lisnageeragh_Bog_Restoration_Plan_A01.pdf\" target=\"_blank\" rel=\"noreferrer noopener\">Lios na gCaorach Portach<\/a><\/li>\n\n\n\n<li><a href=\"https:\/\/www.raisedbogs.ie\/wp-content\/uploads\/2022\/12\/0402_RBSB13_Lough_Corrib_SAC_Restoration_Plan_A01.pdf\" target=\"_blank\" rel=\"noreferrer noopener\">Loch Coirib SAC<\/a><\/li>\n\n\n\n<li><a href=\"https:\/\/www.raisedbogs.ie\/wp-content\/uploads\/2022\/12\/0402_RBSB13_Lough_Forbes_Complex_SAC_Restoration_Plan_A01.pdf\" target=\"_blank\" rel=\"noreferrer noopener\">Coimpl\u00e9asc Loch Foirbis SAC<\/a><\/li>\n\n\n\n<li><a href=\"https:\/\/www.raisedbogs.ie\/wp-content\/uploads\/2023\/04\/0402_RBSB13_Lough_Lurgeen_Bog_SAC_Restoration_Plan_20230331.pdf\" target=\"_blank\" rel=\"noreferrer noopener\">Portach Loch Loirg\u00edn\/Ghleann na Madadh\/Thurlaigh SAC<\/a><\/li>\n\n\n\n<li><a href=\"https:\/\/www.raisedbogs.ie\/wp-content\/uploads\/2023\/04\/0402_RBSB13_Lough_Ree_SAC_Restoration_Plan_20230418_2a.pdf\" target=\"_blank\" rel=\"noreferrer noopener\">Loch R\u00ed SAC<\/a><\/li>\n<\/ul>\n<\/div>\n\n\n\n<div class=\"wp-block-column is-layout-flow wp-block-column-is-layout-flow\">\n<h2 class=\"wp-block-heading\" id=\"mtoz\">M-Z<\/h2>\n\n\n\n<ul class=\"wp-block-list\">\n<li><a href=\"https:\/\/www.raisedbogs.ie\/wp-content\/uploads\/2023\/04\/0402_RBSB13_Moanveanlagh_Bog_SAC_Restoration_Plan_20230418_2a.pdf\" target=\"_blank\" rel=\"noreferrer noopener\">Portach Moanveanlagh SAC<\/a><\/li>\n\n\n\n<li><a href=\"https:\/\/www.raisedbogs.ie\/wp-content\/uploads\/2023\/04\/0402_RBSB13_Moneybeg_and_Clareisland_Bogs_SAC_Restoration_Plan_20230418_2a.pdf\" target=\"_blank\" rel=\"noreferrer noopener\">Portach an Mhuine Bhig\/Dhoire Mhic Aog\u00e1in SAC<\/a><\/li>\n\n\n\n<li><a href=\"https:\/\/www.raisedbogs.ie\/wp-content\/uploads\/2022\/12\/0402_RBSB13_Mongan_Bog_SAC_Restoration_Plan_A01-ME-Update.pdf\" target=\"_blank\" rel=\"noreferrer noopener\">An Mong\u00e1n Portach SAC<\/a><\/li>\n\n\n\n<li><a href=\"https:\/\/www.raisedbogs.ie\/wp-content\/uploads\/2023\/04\/0402_RBSB13_Monivea_Bog_SAC_Restoration_Plan_20230330-.pdf\" target=\"_blank\" rel=\"noreferrer noopener\">Portach Mhuine Mhe\u00e1 SAC<\/a><\/li>\n\n\n\n<li><a href=\"https:\/\/www.raisedbogs.ie\/wp-content\/uploads\/2022\/12\/0402_RBSB13_Mouds_Bog_SAC_Restoration_Plan_A01-ME-Update.pdf\" target=\"_blank\" rel=\"noreferrer noopener\">Mo\u00fad Portach SAC<\/a><\/li>\n\n\n\n<li><a href=\"https:\/\/www.raisedbogs.ie\/wp-content\/uploads\/2022\/12\/0402_RBSB13_Mount_Hevey_Bog_SAC_Restoration_Plan_A01-1-ME-Update.pdf\" target=\"_blank\" rel=\"noreferrer noopener\">Moin U\u00ed \u00c9imhigh Portach SAC<\/a><\/li>\n\n\n\n<li><a href=\"https:\/\/www.raisedbogs.ie\/wp-content\/uploads\/2022\/12\/0402_RBSB13_Moyclare_Bog_SAC_Restoration_Plan_A01.pdf\" target=\"_blank\" rel=\"noreferrer noopener\">Maigh Cl\u00e1ir Portach SAC<\/a><\/li>\n\n\n\n<li><a href=\"https:\/\/www.raisedbogs.ie\/wp-content\/uploads\/2022\/12\/0402_RBSB13_Raheenmore_Bog_SAC_Restoration_Plan_A01.pdf\" target=\"_blank\" rel=\"noreferrer noopener\">An R\u00e1ith\u00edn M\u00f3r Portach SAC<\/a><\/li>\n\n\n\n<li><a href=\"https:\/\/www.raisedbogs.ie\/wp-content\/uploads\/2023\/04\/0402_RBSB13_Redwood_Bog_SAC_Restoration_Plan_20230330.pdf\" target=\"_blank\" rel=\"noreferrer noopener\">Portach Choillte Rua SAC<\/a><\/li>\n\n\n\n<li><a href=\"https:\/\/www.raisedbogs.ie\/wp-content\/uploads\/2023\/04\/0402_RBSB13_River_Moy_SAC_Restoration_Plan_20230330.pdf\" target=\"_blank\" rel=\"noreferrer noopener\">An Mhuaidh SAC<\/a><\/li>\n\n\n\n<li><a href=\"https:\/\/www.raisedbogs.ie\/wp-content\/uploads\/2022\/12\/0402_RBSB13_Shankill_West_Bog_SAC_Restoration_Plan_A01.pdf\" target=\"_blank\" rel=\"noreferrer noopener\">Portach na Seanchoille Thiar SAC<\/a><\/li>\n\n\n\n<li><a href=\"https:\/\/www.raisedbogs.ie\/wp-content\/uploads\/2022\/12\/0402_RBSB13_Sharavogue_Bog_SAC_Restoration_Plan_A01.pdf\" target=\"_blank\" rel=\"noreferrer noopener\">Searbh\u00f3g Portach SAC<\/a><\/li>\n\n\n\n<li><a href=\"https:\/\/www.raisedbogs.ie\/wp-content\/uploads\/2023\/04\/0402_RBSB13_Sheheree_Ardagh_Bog_SAC_Restoration_Plan_20230418-2a.pdf\" target=\"_blank\" rel=\"noreferrer noopener\">Portach Sheithe Fhraoigh (Ardach) SAC<\/a><\/li>\n\n\n\n<li><a href=\"https:\/\/www.raisedbogs.ie\/wp-content\/uploads\/2023\/04\/0402_RBSB13_Tullaghanrock_Bog_SAC_Restoration_Plan_20230330.pdf\" target=\"_blank\" rel=\"noreferrer noopener\">Portach an Tualach\u00e1in Charraigh SAC<\/a><\/li>\n\n\n\n<li><a href=\"https:\/\/www.raisedbogs.ie\/wp-content\/uploads\/2023\/04\/0402_RBSB13_Tullaher_Lough_and_Bog_SAC_Restoration_Plan_20230329.pdf\" target=\"_blank\" rel=\"noreferrer noopener\">Portach agus Loch Thulaigh Thoir SAC<\/a><\/li>\n<\/ul>\n<\/div>\n<\/div>\n","protected":false},"excerpt":{"rendered":"<p>T\u00e1 na pleananna athch\u00f3irithe seo forbartha ag Seirbh\u00eds P\u00e1irceanna N\u00e1isi\u00fanta agus Fiadh\u00falra (SPNF) na Roinne Tith\u00edochta, Rialtais \u00c1iti\u00fail agus Oidhreachta chun molta\u00ed a leagan amach chun portaigh ardaithe agus gn\u00e1th\u00f3ga [&hellip;]<\/p>\n","protected":false},"author":5,"featured_media":0,"parent":0,"menu_order":0,"comment_status":"closed","ping_status":"closed","template":"","meta":{"_acf_changed":false,"_EventAllDay":false,"_EventTimezone":"","_EventStartDate":"","_EventEndDate":"","_EventStartDateUTC":"","_EventEndDateUTC":"","_EventShowMap":false,"_EventShowMapLink":false,"_EventURL":"","_EventCost":"","_EventCostDescription":"","_EventCurrencySymbol":"","_EventCurrencyCode":"","_EventCurrencyPosition":"","_EventDateTimeSeparator":"","_EventTimeRangeSeparator":"","_EventOrganizerID":[],"_EventVenueID":[],"_OrganizerEmail":"","_OrganizerPhone":"","_OrganizerWebsite":"","_VenueAddress":"","_VenueCity":"","_VenueCountry":"","_VenueProvince":"","_VenueState":"","_VenueZip":"","_VenuePhone":"","_VenueURL":"","_VenueStateProvince":"","_VenueLat":"","_VenueLng":"","_VenueShowMap":false,"_VenueShowMapLink":false,"footnotes":""},"class_list":["post-3281","page","type-page","status-publish","hentry"],"acf":[],"_links":{"self":[{"href":"https:\/\/www.raisedbogs.ie\/ga\/wp-json\/wp\/v2\/pages\/3281","targetHints":{"allow":["GET"]}}],"collection":[{"href":"https:\/\/www.raisedbogs.ie\/ga\/wp-json\/wp\/v2\/pages"}],"about":[{"href":"https:\/\/www.raisedbogs.ie\/ga\/wp-json\/wp\/v2\/types\/page"}],"author":[{"embeddable":true,"href":"https:\/\/www.raisedbogs.ie\/ga\/wp-json\/wp\/v2\/users\/5"}],"replies":[{"embeddable":true,"href":"https:\/\/www.raisedbogs.ie\/ga\/wp-json\/wp\/v2\/comments?post=3281"}],"version-history":[{"count":11,"href":"https:\/\/www.raisedbogs.ie\/ga\/wp-json\/wp\/v2\/pages\/3281\/revisions"}],"predecessor-version":[{"id":3778,"href":"https:\/\/www.raisedbogs.ie\/ga\/wp-json\/wp\/v2\/pages\/3281\/revisions\/3778"}],"wp:attachment":[{"href":"https:\/\/www.raisedbogs.ie\/ga\/wp-json\/wp\/v2\/media?parent=3281"}],"curies":[{"name":"wp","href":"https:\/\/api.w.org\/{rel}","templated":true}]}}