{"id":2986,"date":"2016-12-07T16:47:13","date_gmt":"2016-12-07T16:47:13","guid":{"rendered":"https:\/\/www.raisedbogs.ie\/failte-chuig-an-bportach-beo\/"},"modified":"2022-12-21T16:24:06","modified_gmt":"2022-12-21T16:24:06","slug":"failte-chuig-an-bportach-beo","status":"publish","type":"page","link":"https:\/\/www.raisedbogs.ie\/ga\/","title":{"rendered":"F\u00e1ilte chuig an bPortach Beo"},"content":{"rendered":"<p><a href=\"https:\/\/crowdcomms-ltd.reg.crowdcomms.com\/the-living-bog-conference-2021\" target=\"_blank\" rel=\"noopener noreferrer\"><img loading=\"lazy\" decoding=\"async\" class=\"alignnone wp-image-2054 size-full\" src=\"https:\/\/www.raisedbogs.ie\/wp-content\/uploads\/2022\/03\/Living-Bog-2022-2.jpg\" alt=\"bPortach Beo 2022\" width=\"1366\" height=\"782\" srcset=\"https:\/\/www.raisedbogs.ie\/wp-content\/uploads\/2022\/03\/Living-Bog-2022-2.jpg 1366w, https:\/\/www.raisedbogs.ie\/wp-content\/uploads\/2022\/03\/Living-Bog-2022-2-300x172.jpg 300w, https:\/\/www.raisedbogs.ie\/wp-content\/uploads\/2022\/03\/Living-Bog-2022-2-1024x586.jpg 1024w, https:\/\/www.raisedbogs.ie\/wp-content\/uploads\/2022\/03\/Living-Bog-2022-2-768x440.jpg 768w\" sizes=\"auto, (max-width: 1366px) 100vw, 1366px\" \/><\/a><\/p>\n<div class=\"homeButtons\">\n<p><a href=\"https:\/\/crowdcomms.com\/lifebog_conf21\/login\" target=\"_blank\" rel=\"noopener noreferrer\">Breathnaigh ar Thaifid den \u00d3c\u00e1id seo<\/a><\/p>\n<\/div>\n<p>F\u00e1ilte chuig \u2018An Portach Beo\u2019 \u2013 an tionscadal athch\u00f3irithe portaigh aonair is m\u00f3 ar tugadh faoi riamh in \u00c9irinn.<\/p>\n<hr>\n<p>Cuirfear beocht ar ais in 12 de phortaigh ardaithe uath\u00fala SAC na h\u00c9ireann idir 2016 \u2013 2021, agus tabharfar faoi obair bhreise ar dh\u00e1 phortach eile. . Cuirfidh an obair athch\u00f3irithe ar na l\u00e1ithre\u00e1in Natura 2000 seo feabhas ar bhreis agus 2,600 heicte\u00e1r de ghn\u00e1th\u00f3g portaigh ardaithe at\u00e1 i mbaol \u2013 achar at\u00e1 n\u00edos m\u00f3 n\u00e1 7,000 P\u00e1irc an Chr\u00f3caigh, 18% d\u2019achar ioml\u00e1n na bportach ard n\u00e1isi\u00fanta.<\/p>\n<p>Meastar go bhfuil caillteanas 99% in achar bunaidh an phortaigh ardaithe at\u00e1 ag f\u00e1s go gn\u00edomhach i l\u00e1r t\u00edre na h\u00c9ireann. An beag\u00e1n de at\u00e1 f\u00e1gtha, teasta\u00edonn athch\u00f3iri\u00fa agus caomhn\u00fa uaidh. A bhu\u00edochas don tionscadal c\u00faig bliana seo, a tharla le cabhair \u00f3n gCiste Bith\u00e9ags\u00falachta <a href=\"http:\/\/ec.europa.eu\/environment\/life\/\" target=\"_blank\" rel=\"noopener noreferrer\">EU LIFE<\/a> Nature agus <a href=\"http:\/\/www.npws.ie\">\u00f3n tSeirbh\u00eds P\u00e1irceanna N\u00e1isi\u00fanta agus Fiadh\u00falra<\/a> de chuid <a href=\"http:\/\/www.housing.gov.ie\">na Roinne Tith\u00edochta, Rialtais \u00c1iti\u00fail agus Oidhreachta<\/a>, beidh an Portach Beo ina bheatha ar\u00eds&#8230;<\/p>\n&#13;\n<p>\u00a0<\/p>&#13;\n","protected":false},"excerpt":{"rendered":"<p>Breathnaigh ar Thaifid den \u00d3c\u00e1id seo F\u00e1ilte chuig \u2018An Portach Beo\u2019 \u2013 an tionscadal athch\u00f3irithe portaigh aonair is m\u00f3 ar tugadh faoi riamh in \u00c9irinn. Cuirfear beocht ar ais in [&hellip;]<\/p>\n","protected":false},"author":9,"featured_media":0,"parent":0,"menu_order":0,"comment_status":"closed","ping_status":"closed","template":"","meta":{"_acf_changed":false,"_EventAllDay":false,"_EventTimezone":"","_EventStartDate":"","_EventEndDate":"","_EventStartDateUTC":"","_EventEndDateUTC":"","_EventShowMap":false,"_EventShowMapLink":false,"_EventURL":"","_EventCost":"","_EventCostDescription":"","_EventCurrencySymbol":"","_EventCurrencyCode":"","_EventCurrencyPosition":"","_EventDateTimeSeparator":"","_EventTimeRangeSeparator":"","_EventOrganizerID":[],"_EventVenueID":[],"_OrganizerEmail":"","_OrganizerPhone":"","_OrganizerWebsite":"","_VenueAddress":"","_VenueCity":"","_VenueCountry":"","_VenueProvince":"","_VenueState":"","_VenueZip":"","_VenuePhone":"","_VenueURL":"","_VenueStateProvince":"","_VenueLat":"","_VenueLng":"","_VenueShowMap":false,"_VenueShowMapLink":false,"footnotes":""},"class_list":["post-2986","page","type-page","status-publish","hentry"],"acf":[],"_links":{"self":[{"href":"https:\/\/www.raisedbogs.ie\/ga\/wp-json\/wp\/v2\/pages\/2986","targetHints":{"allow":["GET"]}}],"collection":[{"href":"https:\/\/www.raisedbogs.ie\/ga\/wp-json\/wp\/v2\/pages"}],"about":[{"href":"https:\/\/www.raisedbogs.ie\/ga\/wp-json\/wp\/v2\/types\/page"}],"author":[{"embeddable":true,"href":"https:\/\/www.raisedbogs.ie\/ga\/wp-json\/wp\/v2\/users\/9"}],"replies":[{"embeddable":true,"href":"https:\/\/www.raisedbogs.ie\/ga\/wp-json\/wp\/v2\/comments?post=2986"}],"version-history":[{"count":3,"href":"https:\/\/www.raisedbogs.ie\/ga\/wp-json\/wp\/v2\/pages\/2986\/revisions"}],"predecessor-version":[{"id":3400,"href":"https:\/\/www.raisedbogs.ie\/ga\/wp-json\/wp\/v2\/pages\/2986\/revisions\/3400"}],"wp:attachment":[{"href":"https:\/\/www.raisedbogs.ie\/ga\/wp-json\/wp\/v2\/media?parent=2986"}],"curies":[{"name":"wp","href":"https:\/\/api.w.org\/{rel}","templated":true}]}}