{"id":2984,"date":"2017-07-20T14:13:39","date_gmt":"2017-07-20T14:13:39","guid":{"rendered":"https:\/\/www.raisedbogs.ie\/an-fhoireann-tionscadail\/"},"modified":"2022-12-21T12:48:23","modified_gmt":"2022-12-21T12:48:23","slug":"an-fhoireann-tionscadail","status":"publish","type":"page","link":"https:\/\/www.raisedbogs.ie\/ga\/an-fhoireann-tionscadail\/","title":{"rendered":"An Fhoireann Tionscadail"},"content":{"rendered":"<p>Foireann Tionscadail na bPortach Beo:<\/p>\n<ul>\n<li><b>Bainisteoir Tionscad\u00e1il <\/b><b><i>Jack McGauley<\/i><\/b><\/li>\n<li><b>Bainisteoir Tionscadail &amp;<\/b> <b>Bainisteoir Feasachta Poibl\u00ed<\/b> <b><i>Evelyn <\/i><\/b><b><i>Slevin<\/i><\/b><\/li>\n<li><b>\u00c9iceola\u00ed<\/b> <b>T<\/b><b>ionscadail<\/b><b><i>William Crowley<\/i><\/b><\/li>\n<li><b>Hidreola\u00ed Tionscadal <\/b><b><i>John Cody<\/i><\/b><\/li>\n<\/ul>\n<p>(Iarbhainisteoir Feasachta Poibl\u00ed 2016 &#8211; 2020 <em>Ronan Casey<\/em>)<\/p>\n<p>N\u00f3t\u00e1il le do thoil go bhfuil oifig\u00ed na bPortach Beo sa Mhuileann gCearr d\u00fanta anois de bharr shrianta Covid-19. Caithfear gach comhfhreagras a chur chuig<\/p>\n<p>An Portach Beo, F\/Ch Aonad Bainistithe na dTailte M\u00f3na, An Roinn Tith\u00edochta, Rialtais \u00c1iti\u00fail &amp; Oidhreachta, <span style=\"font-size: inherit;\"> B\u00f3thar an Bhaile Nua, An Charraig Leathan, Loch Garman, Y35 AP90. R\u00edomhphost: <a href=\"mailto:peatlandsmanagement@chg.gov.ie\">peatlandsmanagement@housing.gov.ie<\/a><\/span><\/p>\n<p>F\u00e9ach: https:\/\/www.npws.ie\/about-npws\/business-units\/peatlands-management-unit<\/p>\n<div id=\"attachment_1368\" style=\"width: 1034px\" class=\"wp-caption aligncenter\"><img loading=\"lazy\" decoding=\"async\" aria-describedby=\"caption-attachment-1368\" class=\"size-large wp-image-1368\" src=\"https:\/\/www.raisedbogs.ie\/wp-content\/uploads\/2017\/07\/DSC_0004-1024x683.jpg\" alt=\"\" width=\"1024\" height=\"683\" srcset=\"https:\/\/www.raisedbogs.ie\/wp-content\/uploads\/2017\/07\/DSC_0004-1024x683.jpg 1024w, https:\/\/www.raisedbogs.ie\/wp-content\/uploads\/2017\/07\/DSC_0004-300x200.jpg 300w, https:\/\/www.raisedbogs.ie\/wp-content\/uploads\/2017\/07\/DSC_0004-768x512.jpg 768w\" sizes=\"auto, (max-width: 1024px) 100vw, 1024px\" \/><p id=\"caption-attachment-1368\" class=\"wp-caption-text\">LIVING BOG LIFE14 NAT\/IE\/000032 Project team- 2016 &#8211; 2020: \u00d3 chl\u00e9: Evelyn Slevin, Ronan Casey, William Crowley, Jack McGauley, John Cody<\/p><\/div>\n","protected":false},"excerpt":{"rendered":"<p>Foireann Tionscadail na bPortach Beo: Bainisteoir Tionscad\u00e1il Jack McGauley Bainisteoir Tionscadail &amp; Bainisteoir Feasachta Poibl\u00ed Evelyn Slevin \u00c9iceola\u00ed TionscadailWilliam Crowley Hidreola\u00ed Tionscadal John Cody (Iarbhainisteoir Feasachta Poibl\u00ed 2016 &#8211; 2020 [&hellip;]<\/p>\n","protected":false},"author":9,"featured_media":0,"parent":0,"menu_order":0,"comment_status":"closed","ping_status":"closed","template":"","meta":{"_acf_changed":false,"_EventAllDay":false,"_EventTimezone":"","_EventStartDate":"","_EventEndDate":"","_EventStartDateUTC":"","_EventEndDateUTC":"","_EventShowMap":false,"_EventShowMapLink":false,"_EventURL":"","_EventCost":"","_EventCostDescription":"","_EventCurrencySymbol":"","_EventCurrencyCode":"","_EventCurrencyPosition":"","_EventDateTimeSeparator":"","_EventTimeRangeSeparator":"","_EventOrganizerID":[],"_EventVenueID":[],"_OrganizerEmail":"","_OrganizerPhone":"","_OrganizerWebsite":"","_VenueAddress":"","_VenueCity":"","_VenueCountry":"","_VenueProvince":"","_VenueState":"","_VenueZip":"","_VenuePhone":"","_VenueURL":"","_VenueStateProvince":"","_VenueLat":"","_VenueLng":"","_VenueShowMap":false,"_VenueShowMapLink":false,"footnotes":""},"class_list":["post-2984","page","type-page","status-publish","hentry"],"acf":[],"_links":{"self":[{"href":"https:\/\/www.raisedbogs.ie\/ga\/wp-json\/wp\/v2\/pages\/2984","targetHints":{"allow":["GET"]}}],"collection":[{"href":"https:\/\/www.raisedbogs.ie\/ga\/wp-json\/wp\/v2\/pages"}],"about":[{"href":"https:\/\/www.raisedbogs.ie\/ga\/wp-json\/wp\/v2\/types\/page"}],"author":[{"embeddable":true,"href":"https:\/\/www.raisedbogs.ie\/ga\/wp-json\/wp\/v2\/users\/9"}],"replies":[{"embeddable":true,"href":"https:\/\/www.raisedbogs.ie\/ga\/wp-json\/wp\/v2\/comments?post=2984"}],"version-history":[{"count":1,"href":"https:\/\/www.raisedbogs.ie\/ga\/wp-json\/wp\/v2\/pages\/2984\/revisions"}],"predecessor-version":[{"id":3392,"href":"https:\/\/www.raisedbogs.ie\/ga\/wp-json\/wp\/v2\/pages\/2984\/revisions\/3392"}],"wp:attachment":[{"href":"https:\/\/www.raisedbogs.ie\/ga\/wp-json\/wp\/v2\/media?parent=2984"}],"curies":[{"name":"wp","href":"https:\/\/api.w.org\/{rel}","templated":true}]}}