{"id":2980,"date":"2017-07-20T14:22:35","date_gmt":"2017-07-20T14:22:35","guid":{"rendered":"https:\/\/www.raisedbogs.ie\/ioslodalacha\/"},"modified":"2022-12-21T12:25:47","modified_gmt":"2022-12-21T12:25:47","slug":"ioslodalacha","status":"publish","type":"page","link":"https:\/\/www.raisedbogs.ie\/ga\/ioslodalacha\/","title":{"rendered":"\u00cdosl\u00f3d\u00e1lacha"},"content":{"rendered":"<p>Pac\u00e1iste Oideachais agus \u00cdosl\u00f3d\u00e1lacha ag teacht go luath.<\/p>\n","protected":false},"excerpt":{"rendered":"<p>Pac\u00e1iste Oideachais agus \u00cdosl\u00f3d\u00e1lacha ag teacht go luath.<\/p>\n","protected":false},"author":9,"featured_media":0,"parent":0,"menu_order":0,"comment_status":"closed","ping_status":"closed","template":"","meta":{"_acf_changed":false,"_EventAllDay":false,"_EventTimezone":"","_EventStartDate":"","_EventEndDate":"","_EventStartDateUTC":"","_EventEndDateUTC":"","_EventShowMap":false,"_EventShowMapLink":false,"_EventURL":"","_EventCost":"","_EventCostDescription":"","_EventCurrencySymbol":"","_EventCurrencyCode":"","_EventCurrencyPosition":"","_EventDateTimeSeparator":"","_EventTimeRangeSeparator":"","_EventOrganizerID":[],"_EventVenueID":[],"_OrganizerEmail":"","_OrganizerPhone":"","_OrganizerWebsite":"","_VenueAddress":"","_VenueCity":"","_VenueCountry":"","_VenueProvince":"","_VenueState":"","_VenueZip":"","_VenuePhone":"","_VenueURL":"","_VenueStateProvince":"","_VenueLat":"","_VenueLng":"","_VenueShowMap":false,"_VenueShowMapLink":false,"footnotes":""},"class_list":["post-2980","page","type-page","status-publish","hentry"],"acf":[],"_links":{"self":[{"href":"https:\/\/www.raisedbogs.ie\/ga\/wp-json\/wp\/v2\/pages\/2980","targetHints":{"allow":["GET"]}}],"collection":[{"href":"https:\/\/www.raisedbogs.ie\/ga\/wp-json\/wp\/v2\/pages"}],"about":[{"href":"https:\/\/www.raisedbogs.ie\/ga\/wp-json\/wp\/v2\/types\/page"}],"author":[{"embeddable":true,"href":"https:\/\/www.raisedbogs.ie\/ga\/wp-json\/wp\/v2\/users\/9"}],"replies":[{"embeddable":true,"href":"https:\/\/www.raisedbogs.ie\/ga\/wp-json\/wp\/v2\/comments?post=2980"}],"version-history":[{"count":1,"href":"https:\/\/www.raisedbogs.ie\/ga\/wp-json\/wp\/v2\/pages\/2980\/revisions"}],"predecessor-version":[{"id":3379,"href":"https:\/\/www.raisedbogs.ie\/ga\/wp-json\/wp\/v2\/pages\/2980\/revisions\/3379"}],"wp:attachment":[{"href":"https:\/\/www.raisedbogs.ie\/ga\/wp-json\/wp\/v2\/media?parent=2980"}],"curies":[{"name":"wp","href":"https:\/\/api.w.org\/{rel}","templated":true}]}}