{"id":2963,"date":"2017-11-09T12:34:00","date_gmt":"2017-11-09T12:34:00","guid":{"rendered":"https:\/\/www.raisedbogs.ie\/go-haitiuil-agus-sa-phobal\/"},"modified":"2022-12-21T13:36:06","modified_gmt":"2022-12-21T13:36:06","slug":"go-haitiuil-agus-sa-phobal","status":"publish","type":"page","link":"https:\/\/www.raisedbogs.ie\/ga\/go-haitiuil-agus-sa-phobal\/","title":{"rendered":"Go h\u00e1iti\u00fail agus sa Phobal"},"content":{"rendered":"&#13;\n<p>T\u00e1 Teilea-oibreacha na Gaillimhe agus L\u00edonra Oidhreachta agus Turas\u00f3ireachta an Chreag\u00e1in ag cur stair \u00e1iti\u00fail Phortach Beo na Gaillimhe i dtoll a ch\u00e9ile faoi l\u00e1thair. M\u00e1 t\u00e1 aon sc\u00e9alta, grianghraif, tuairim\u00ed n\u00f3 eile le roinnt agat, d\u00e9an teagmh\u00e1il le Teilea-oibreacha na Gaillimhe. <a href=\"mailto:gtcomountbellew@gmail.com\">gtcomountbellew@gmail.com<\/a> <\/p>&#13;\n&#13;\n<figure class=\"wp-block-image size-large\"><img loading=\"lazy\" decoding=\"async\" width=\"1024\" height=\"683\" src=\"https:\/\/www.raisedbogs.ie\/wp-content\/uploads\/2021\/04\/the-square-mountbellew-1024x683.jpg\" alt=\"\" class=\"wp-image-1916\" srcset=\"https:\/\/www.raisedbogs.ie\/wp-content\/uploads\/2021\/04\/the-square-mountbellew-1024x683.jpg 1024w, https:\/\/www.raisedbogs.ie\/wp-content\/uploads\/2021\/04\/the-square-mountbellew-300x200.jpg 300w, https:\/\/www.raisedbogs.ie\/wp-content\/uploads\/2021\/04\/the-square-mountbellew-768x512.jpg 768w, https:\/\/www.raisedbogs.ie\/wp-content\/uploads\/2021\/04\/the-square-mountbellew-1536x1024.jpg 1536w, https:\/\/www.raisedbogs.ie\/wp-content\/uploads\/2021\/04\/the-square-mountbellew.jpg 1800w\" sizes=\"auto, (max-width: 1024px) 100vw, 1024px\" \/><figcaption>Pr\u00edomhchearn\u00f3g an Chreag\u00e1in<\/figcaption><\/figure>&#13;\n&#13;\n<p>Is pobal br\u00edomhar \u00e9 Pobal an Chreag\u00e1in agus re\u00e1cht\u00e1lann muintir na h\u00e1ite f\u00e9ilte agus imeachta\u00ed \u00f3 cheann ceann na bliana. <\/p>&#13;\n&#13;\n<p>B\u00edonn imeachta\u00ed ag tarl\u00fa i rith an ama, mar sin, coinnigh s\u00fail ar an leathanach \u2018Oidhreacht agus Turas\u00f3ireacht\u2019 ar <a href=\"https:\/\/www.facebook.com\/MountbellewHeritage\/\">Facebook<\/a>.<\/p>&#13;\n&#13;\n<p>T\u00e1 ceann de na <a href=\"http:\/\/mvc.ie\/\">Clubanna Seanr\u00e9<\/a> is m\u00f3 agus is fearr in \u00c9irinn ar an mbaile. I m\u00ed I\u00fail gach bliain re\u00e1cht\u00e1iltear Se\u00f3 Seanr\u00e9 bliant\u00fail agus mealltar na m\u00edlte B\u00edonn s\u00e9 ar cheann de na laethanta amuigh is fearr sa t\u00edr do theaghlaigh Seice\u00e1il a leathanach Faceboo<a href=\"https:\/\/www.facebook.com\/Mountbellew-Vintage-Club-MVC-151280218256674\/\">k<\/a> le haghaidh imeachta\u00ed amach anseo, tar \u00e9is Covid-19. <\/p>&#13;\n&#13;\n<figure class=\"wp-block-image size-large\"><img loading=\"lazy\" decoding=\"async\" width=\"1024\" height=\"573\" src=\"https:\/\/www.raisedbogs.ie\/wp-content\/uploads\/2021\/04\/vintage-show-2019-1024x573.jpg\" alt=\"\" class=\"wp-image-1915\" srcset=\"https:\/\/www.raisedbogs.ie\/wp-content\/uploads\/2021\/04\/vintage-show-2019-1024x573.jpg 1024w, https:\/\/www.raisedbogs.ie\/wp-content\/uploads\/2021\/04\/vintage-show-2019-300x168.jpg 300w, https:\/\/www.raisedbogs.ie\/wp-content\/uploads\/2021\/04\/vintage-show-2019-768x430.jpg 768w, https:\/\/www.raisedbogs.ie\/wp-content\/uploads\/2021\/04\/vintage-show-2019.jpg 1144w\" sizes=\"auto, (max-width: 1024px) 100vw, 1024px\" \/><\/figure>&#13;\n","protected":false},"excerpt":{"rendered":"<p>&#13; T\u00e1 Teilea-oibreacha na Gaillimhe agus L\u00edonra Oidhreachta agus Turas\u00f3ireachta an Chreag\u00e1in ag cur stair \u00e1iti\u00fail Phortach Beo na Gaillimhe i dtoll a ch\u00e9ile faoi l\u00e1thair. M\u00e1 t\u00e1 aon sc\u00e9alta, [&hellip;]<\/p>\n","protected":false},"author":9,"featured_media":0,"parent":0,"menu_order":0,"comment_status":"closed","ping_status":"closed","template":"","meta":{"_acf_changed":false,"_EventAllDay":false,"_EventTimezone":"","_EventStartDate":"","_EventEndDate":"","_EventStartDateUTC":"","_EventEndDateUTC":"","_EventShowMap":false,"_EventShowMapLink":false,"_EventURL":"","_EventCost":"","_EventCostDescription":"","_EventCurrencySymbol":"","_EventCurrencyCode":"","_EventCurrencyPosition":"","_EventDateTimeSeparator":"","_EventTimeRangeSeparator":"","_EventOrganizerID":[],"_EventVenueID":[],"_OrganizerEmail":"","_OrganizerPhone":"","_OrganizerWebsite":"","_VenueAddress":"","_VenueCity":"","_VenueCountry":"","_VenueProvince":"","_VenueState":"","_VenueZip":"","_VenuePhone":"","_VenueURL":"","_VenueStateProvince":"","_VenueLat":"","_VenueLng":"","_VenueShowMap":false,"_VenueShowMapLink":false,"footnotes":""},"class_list":["post-2963","page","type-page","status-publish","hentry"],"acf":[],"_links":{"self":[{"href":"https:\/\/www.raisedbogs.ie\/ga\/wp-json\/wp\/v2\/pages\/2963","targetHints":{"allow":["GET"]}}],"collection":[{"href":"https:\/\/www.raisedbogs.ie\/ga\/wp-json\/wp\/v2\/pages"}],"about":[{"href":"https:\/\/www.raisedbogs.ie\/ga\/wp-json\/wp\/v2\/types\/page"}],"author":[{"embeddable":true,"href":"https:\/\/www.raisedbogs.ie\/ga\/wp-json\/wp\/v2\/users\/9"}],"replies":[{"embeddable":true,"href":"https:\/\/www.raisedbogs.ie\/ga\/wp-json\/wp\/v2\/comments?post=2963"}],"version-history":[{"count":11,"href":"https:\/\/www.raisedbogs.ie\/ga\/wp-json\/wp\/v2\/pages\/2963\/revisions"}],"predecessor-version":[{"id":3397,"href":"https:\/\/www.raisedbogs.ie\/ga\/wp-json\/wp\/v2\/pages\/2963\/revisions\/3397"}],"wp:attachment":[{"href":"https:\/\/www.raisedbogs.ie\/ga\/wp-json\/wp\/v2\/media?parent=2963"}],"curies":[{"name":"wp","href":"https:\/\/api.w.org\/{rel}","templated":true}]}}