{"id":2958,"date":"2017-11-09T12:34:00","date_gmt":"2017-11-09T12:34:00","guid":{"rendered":"https:\/\/www.raisedbogs.ie\/stair\/"},"modified":"2022-12-21T12:31:01","modified_gmt":"2022-12-21T12:31:01","slug":"stair","status":"publish","type":"page","link":"https:\/\/www.raisedbogs.ie\/ga\/stair\/","title":{"rendered":"Stair"},"content":{"rendered":"\n<p>T\u00e1 Portach Beo na Gaillimhe ag dul siar beagnach 10,000 agus t\u00e1 A L\u00c1N staire le cur isteach sa chuid seo. <\/p>\n\n<p>Uasl\u00f3d\u00e1lfar an t-eolas anseo in 2022. <\/p>\n","protected":false},"excerpt":{"rendered":"<p>T\u00e1 Portach Beo na Gaillimhe ag dul siar beagnach 10,000 agus t\u00e1 A L\u00c1N staire le cur isteach sa chuid seo. Uasl\u00f3d\u00e1lfar an t-eolas anseo in 2022.<\/p>\n","protected":false},"author":9,"featured_media":0,"parent":0,"menu_order":0,"comment_status":"closed","ping_status":"closed","template":"","meta":{"_acf_changed":false,"_EventAllDay":false,"_EventTimezone":"","_EventStartDate":"","_EventEndDate":"","_EventStartDateUTC":"","_EventEndDateUTC":"","_EventShowMap":false,"_EventShowMapLink":false,"_EventURL":"","_EventCost":"","_EventCostDescription":"","_EventCurrencySymbol":"","_EventCurrencyCode":"","_EventCurrencyPosition":"","_EventDateTimeSeparator":"","_EventTimeRangeSeparator":"","_EventOrganizerID":[],"_EventVenueID":[],"_OrganizerEmail":"","_OrganizerPhone":"","_OrganizerWebsite":"","_VenueAddress":"","_VenueCity":"","_VenueCountry":"","_VenueProvince":"","_VenueState":"","_VenueZip":"","_VenuePhone":"","_VenueURL":"","_VenueStateProvince":"","_VenueLat":"","_VenueLng":"","_VenueShowMap":false,"_VenueShowMapLink":false,"footnotes":""},"class_list":["post-2958","page","type-page","status-publish","hentry"],"acf":[],"_links":{"self":[{"href":"https:\/\/www.raisedbogs.ie\/ga\/wp-json\/wp\/v2\/pages\/2958","targetHints":{"allow":["GET"]}}],"collection":[{"href":"https:\/\/www.raisedbogs.ie\/ga\/wp-json\/wp\/v2\/pages"}],"about":[{"href":"https:\/\/www.raisedbogs.ie\/ga\/wp-json\/wp\/v2\/types\/page"}],"author":[{"embeddable":true,"href":"https:\/\/www.raisedbogs.ie\/ga\/wp-json\/wp\/v2\/users\/9"}],"replies":[{"embeddable":true,"href":"https:\/\/www.raisedbogs.ie\/ga\/wp-json\/wp\/v2\/comments?post=2958"}],"version-history":[{"count":3,"href":"https:\/\/www.raisedbogs.ie\/ga\/wp-json\/wp\/v2\/pages\/2958\/revisions"}],"predecessor-version":[{"id":3387,"href":"https:\/\/www.raisedbogs.ie\/ga\/wp-json\/wp\/v2\/pages\/2958\/revisions\/3387"}],"wp:attachment":[{"href":"https:\/\/www.raisedbogs.ie\/ga\/wp-json\/wp\/v2\/media?parent=2958"}],"curies":[{"name":"wp","href":"https:\/\/api.w.org\/{rel}","templated":true}]}}