{"id":2955,"date":"2017-11-09T12:35:08","date_gmt":"2017-11-09T12:35:08","guid":{"rendered":"https:\/\/www.raisedbogs.ie\/ghairdin-patch\/"},"modified":"2022-12-21T12:44:44","modified_gmt":"2022-12-21T12:44:44","slug":"ghairdin-patch","status":"publish","type":"page","link":"https:\/\/www.raisedbogs.ie\/ga\/ghairdin-patch\/","title":{"rendered":"Ghaird\u00edn Patch"},"content":{"rendered":"\n<p>Ghaird\u00edn Patch<\/p>\n\n<figure class=\"wp-block-image size-large\"><img loading=\"lazy\" decoding=\"async\" width=\"1024\" height=\"508\" src=\"https:\/\/www.raisedbogs.ie\/wp-content\/uploads\/2021\/04\/DJI_0100-Pano-1024x508.jpg\" alt=\"\" class=\"wp-image-1907\" srcset=\"https:\/\/www.raisedbogs.ie\/wp-content\/uploads\/2021\/04\/DJI_0100-Pano-1024x508.jpg 1024w, https:\/\/www.raisedbogs.ie\/wp-content\/uploads\/2021\/04\/DJI_0100-Pano-300x149.jpg 300w, https:\/\/www.raisedbogs.ie\/wp-content\/uploads\/2021\/04\/DJI_0100-Pano-768x381.jpg 768w, https:\/\/www.raisedbogs.ie\/wp-content\/uploads\/2021\/04\/DJI_0100-Pano-1536x763.jpg 1536w, https:\/\/www.raisedbogs.ie\/wp-content\/uploads\/2021\/04\/DJI_0100-Pano-2048x1017.jpg 2048w\" sizes=\"auto, (max-width: 1024px) 100vw, 1024px\" \/><figcaption>Picti\u00far \u00f3n aer de Ghaird\u00edn Patch a ghlac John Walshe, m\u00fainteoir \u00e1iti\u00fail<\/figcaption><\/figure>\n\n<p><\/p>\n\n<p>M\u00e1 thugann t\u00fa cuairt ar Phortach Beo na Gaillimhe agus tabharfar chuig Gaird\u00edn Patch, teach c\u00f3naithe (agus gaird\u00edn m\u00edor\u00failt\u00ed) Patch Cronin tr\u00e1th. <\/p>\n\n<p>Bh\u00ed Sean-Phatch ina ch\u00f3na\u00ed agus ag obair anseo sna 1800id\u00ed agus go luath sna 1900id\u00ed. Baitsil\u00e9ir feirmeora portaigh a bh\u00ed ann, n\u00ed raibh aon bh\u00f3thar go dt\u00ed a ghabh\u00e1ltas n\u00f3 uaidh. Deir siad nach bhf\u00e1gt\u00e1 an t-uisce nuair a d\u2019im\u00edte\u00e1 \u00f3n bpr\u00edomhbh\u00f3thar (an N63 anois) chun an c\u00fapla m\u00edle a shi\u00fal chuig Gaird\u00edn Patch. N\u00ed leagt\u00e1 cos ar thalamh crua, ba ar an bportach a shi\u00falt\u00e1. Chomh gar le lorg Chr\u00edost a lean\u00faint is a d\u2019\u00e9irigh duine ar bith againn riamh. <\/p>\n\n<p>Feirmeoir ar an bportach ba ea Patch. Bh\u00ed s\u00e9 \u00e1balta tortha\u00ed agus glasra\u00ed a fh\u00e1s an bhliain ar fad ar a oile\u00e1n beag f\u00e9in. Bh\u00ed daoine faoi gheasa aige go raibh s\u00e9 in ann tortha\u00ed agus glasra\u00ed a fh\u00e1s agus a bhaint, \u00f3ir \u00e1iteanna crua a bh\u00ed sna portaigh nach mb\u00edodh f\u00e1s mar seo iontu. Bh\u00ed fear anseo, \u00e1fach, i l\u00e1r an phortaigh agus \u00e9 \u00e1balta ruda\u00ed a fh\u00e1s. N\u00edorbh eol d\u00f3ibhsean san aimsir sin go raibh Patch ag cur faoi ar oile\u00e1n tille Cib\u00e9 ar bith, ba ghn\u00e1ch le Patch m\u00f3in a bhaint thart ar imeall a ghabh\u00e1ltais don teas. Sa l\u00e1 at\u00e1 inniu ann t\u00e1imid go f\u00f3ill in ann an \u00e1it a mbaineadh s\u00e9 m\u00f3in de l\u00e1imh a fheice\u00e1il, i bhfad sular th\u00e1inig na meais\u00edn\u00ed chun an phortaigh go mall san fhichi\u00fa haois. \u2018Teach a\u2019 ch\u00e9il\u00ed\u2019 a bh\u00ed i dteach Patch, is \u00e9 le r\u00e1 go dtagadh comharsana um thr\u00e1thn\u00f3na don sc\u00e9ala\u00edocht, le c\u00e1rta\u00ed a imirt, don amhr\u00e1na\u00edocht agus don cheol agus b\u2019fh\u00e9idir braoin\u00edn beag poit\u00edn corruair.<\/p>\n\n<p>B\u00edonn muintir na h\u00e1ite ag caint ar chonair\u00ed fada casta thar an ardphortach bog chuig Gaird\u00edn Patch. Deir siad go si\u00falt\u00e1 m\u00edle ioml\u00e1n \u00f3 gach cearn den phortach chuig Gaird\u00edn Patch gan gr\u00e1inne gainimh n\u00e1 ithreach ag baint do na cosa.<\/p>\n\n<p>Bh\u00ed an teach agus na tithe amuigh de ina sheasamh anseo (t\u00e1 taifead d\u00edobh ar sheanmhapa\u00ed chomh fada siar le 1846) go dt\u00ed na 1950id\u00ed. Th\u00e1inig an talamh torthach ansin le hiad a thabhairt ar ais. P\u00e1irc don phobal at\u00e1 ann anois, \u00e1it a bhfaighidh t\u00fa radhairc ar d\u00f3igh de phortach ardaithe athch\u00f3irithe.<\/p>\n\n<p>An t-oile\u00e1n a bhfuil Gaird\u00edn Patch ann, gn\u00e9 neamhghn\u00e1ch at\u00e1 ann sa phortach seo. Oile\u00e1n ardaithe tille \u00e9, ithir ar a bharr agus an mh\u00f3in go domhain gach uile \u00e1it thart air. M\u00fanla\u00edodh \u00e9 de r\u00e9ir mar a d\u2019imigh na hoighearshruthanna 10,000 bliain \u00f3 shin, agus f\u00e1gadh cairn d\u2019\u00e1bhar meilte ina ndiaidh.<\/p>\n\n<p>Shiolt na lochanna agus d\u2019eascair f\u00e1sra iontu, seascainn a bh\u00ed iontu i dt\u00fas b\u00e1ire agus portaigh ansin San \u00e1it n\u00e1r \u00e9irigh an mh\u00f3in n\u00ed b\u2019airde n\u00e1 an till, f\u00e1gadh oile\u00e1n i l\u00e1r an phortaigh. Ar phortaigh eile, bh\u00ed cuid de na hoile\u00e1in go fada, a d\u2019fh\u00e1g go rabhthas in ann iarnr\u00f3id n\u00f3 b\u00f3ithre a th\u00f3g\u00e1il orthu, n\u00f3 sr\u00e1idbhailte n\u00f3 bailte fearainn a ainmni\u00fa astu. Anseo, Gaird\u00edn Patch a bh\u00ed ann<\/p>\n\n<p>Agus t\u00fas na hoibre ar bun ag an bhfoireann \u00f3n bPortach Beo sa phobal \u00e1iti\u00fail, bh\u00ed Gaird\u00edn Patch i mb\u00e9al an phobail. Bh\u00ed muintir na h\u00e1ite d\u00edograiseach go mbeadh an l\u00e1ithre\u00e1n seo, \u00e1it a raibh Seanteach C\u00e9il\u00ed tr\u00e1th, ina \u00e1it a dtiocfadh le cuairteoir\u00ed teacht le ch\u00e9ile ar\u00eds. <\/p>\n\n<p>A bhu\u00ed le hiarrachta\u00ed Paul Connaughton, Maura Hannon agus coiste d\u00edograiseach portaigh i dTeilea-obair na Gaillimhe, th\u00e1inig na pleananna sin chun solais nuair a thug Comhairle Contae na Gaillimhe cead forbairt a dh\u00e9anamh ar an l\u00e1ithre\u00e1n in 2020. <\/p>\n\n<p>D\u00e9anfar p\u00e1irc de Ghaird\u00edn Patch, \u00e1it a mbeidh cuairteoir\u00ed in ann a bheith ag foghlaim faoi shaol an phortaigh san am at\u00e1 thart, san am at\u00e1 i l\u00e1thair agus san am at\u00e1 le teacht. Ansin, ar shi\u00fal leo ar shi\u00fal\u00f3id\u00ed faoin bportach \u2013 an iarraidh seo, talamh soladach a bheidh faoi chois a bhu\u00ed le cos\u00e1in, cl\u00e1rchos\u00e1in agus conair\u00ed Lucht Bainte M\u00f3na na linne seo! <\/p>\n\n<p><\/p>\n\n<figure class=\"wp-block-gallery columns-3 is-cropped wp-block-gallery-1 is-layout-flex wp-block-gallery-is-layout-flex\"><ul class=\"blocks-gallery-grid\"><li class=\"blocks-gallery-item\"><figure><img loading=\"lazy\" decoding=\"async\" width=\"1024\" height=\"495\" src=\"https:\/\/www.raisedbogs.ie\/wp-content\/uploads\/2021\/04\/patch-1024x495.jpg\" alt=\"\" data-id=\"1902\" data-link=\"https:\/\/www.raisedbogs.ie\/patches-garden\/patch\/\" class=\"wp-image-1902\" srcset=\"https:\/\/www.raisedbogs.ie\/wp-content\/uploads\/2021\/04\/patch-1024x495.jpg 1024w, https:\/\/www.raisedbogs.ie\/wp-content\/uploads\/2021\/04\/patch-300x145.jpg 300w, https:\/\/www.raisedbogs.ie\/wp-content\/uploads\/2021\/04\/patch-768x371.jpg 768w, https:\/\/www.raisedbogs.ie\/wp-content\/uploads\/2021\/04\/patch-1536x742.jpg 1536w, https:\/\/www.raisedbogs.ie\/wp-content\/uploads\/2021\/04\/patch.jpg 1563w\" sizes=\"auto, (max-width: 1024px) 100vw, 1024px\" \/><\/figure><\/li><li class=\"blocks-gallery-item\"><figure><img loading=\"lazy\" decoding=\"async\" width=\"749\" height=\"1024\" src=\"https:\/\/www.raisedbogs.ie\/wp-content\/uploads\/2021\/04\/patch6-749x1024.jpg\" alt=\"\" data-id=\"1903\" data-link=\"https:\/\/www.raisedbogs.ie\/patches-garden\/patch6\/\" class=\"wp-image-1903\" srcset=\"https:\/\/www.raisedbogs.ie\/wp-content\/uploads\/2021\/04\/patch6-749x1024.jpg 749w, https:\/\/www.raisedbogs.ie\/wp-content\/uploads\/2021\/04\/patch6-219x300.jpg 219w, https:\/\/www.raisedbogs.ie\/wp-content\/uploads\/2021\/04\/patch6-768x1050.jpg 768w, https:\/\/www.raisedbogs.ie\/wp-content\/uploads\/2021\/04\/patch6-1123x1536.jpg 1123w, https:\/\/www.raisedbogs.ie\/wp-content\/uploads\/2021\/04\/patch6-1498x2048.jpg 1498w, https:\/\/www.raisedbogs.ie\/wp-content\/uploads\/2021\/04\/patch6-scaled.jpg 1872w\" sizes=\"auto, (max-width: 749px) 100vw, 749px\" \/><\/figure><\/li><li class=\"blocks-gallery-item\"><figure><img loading=\"lazy\" decoding=\"async\" width=\"415\" height=\"349\" src=\"https:\/\/www.raisedbogs.ie\/wp-content\/uploads\/2021\/04\/patch14.png\" alt=\"\" data-id=\"1904\" data-link=\"https:\/\/www.raisedbogs.ie\/patches-garden\/patch14\/\" class=\"wp-image-1904\" srcset=\"https:\/\/www.raisedbogs.ie\/wp-content\/uploads\/2021\/04\/patch14.png 415w, https:\/\/www.raisedbogs.ie\/wp-content\/uploads\/2021\/04\/patch14-300x252.png 300w\" sizes=\"auto, (max-width: 415px) 100vw, 415px\" \/><\/figure><\/li><li class=\"blocks-gallery-item\"><figure><img loading=\"lazy\" decoding=\"async\" width=\"1024\" height=\"568\" src=\"https:\/\/www.raisedbogs.ie\/wp-content\/uploads\/2021\/04\/02.-Patch2-1024x568.jpg\" alt=\"\" data-id=\"1905\" data-link=\"https:\/\/www.raisedbogs.ie\/patches-garden\/02-patch2\/\" class=\"wp-image-1905\" srcset=\"https:\/\/www.raisedbogs.ie\/wp-content\/uploads\/2021\/04\/02.-Patch2-1024x568.jpg 1024w, https:\/\/www.raisedbogs.ie\/wp-content\/uploads\/2021\/04\/02.-Patch2-300x166.jpg 300w, https:\/\/www.raisedbogs.ie\/wp-content\/uploads\/2021\/04\/02.-Patch2-768x426.jpg 768w, https:\/\/www.raisedbogs.ie\/wp-content\/uploads\/2021\/04\/02.-Patch2-1536x852.jpg 1536w, https:\/\/www.raisedbogs.ie\/wp-content\/uploads\/2021\/04\/02.-Patch2-2048x1136.jpg 2048w\" sizes=\"auto, (max-width: 1024px) 100vw, 1024px\" \/><\/figure><\/li><li class=\"blocks-gallery-item\"><figure><img loading=\"lazy\" decoding=\"async\" width=\"458\" height=\"815\" src=\"https:\/\/www.raisedbogs.ie\/wp-content\/uploads\/2021\/04\/boardwalk.jpg\" alt=\"\" data-id=\"1906\" data-link=\"https:\/\/www.raisedbogs.ie\/patches-garden\/boardwalk\/\" class=\"wp-image-1906\" srcset=\"https:\/\/www.raisedbogs.ie\/wp-content\/uploads\/2021\/04\/boardwalk.jpg 458w, https:\/\/www.raisedbogs.ie\/wp-content\/uploads\/2021\/04\/boardwalk-169x300.jpg 169w\" sizes=\"auto, (max-width: 458px) 100vw, 458px\" \/><\/figure><\/li><li class=\"blocks-gallery-item\"><figure><img loading=\"lazy\" decoding=\"async\" width=\"1024\" height=\"508\" src=\"https:\/\/www.raisedbogs.ie\/wp-content\/uploads\/2021\/04\/DJI_0100-Pano-1024x508.jpg\" alt=\"\" data-id=\"1907\" data-link=\"https:\/\/www.raisedbogs.ie\/patches-garden\/dji_0100-pano-2\/\" class=\"wp-image-1907\" srcset=\"https:\/\/www.raisedbogs.ie\/wp-content\/uploads\/2021\/04\/DJI_0100-Pano-1024x508.jpg 1024w, https:\/\/www.raisedbogs.ie\/wp-content\/uploads\/2021\/04\/DJI_0100-Pano-300x149.jpg 300w, https:\/\/www.raisedbogs.ie\/wp-content\/uploads\/2021\/04\/DJI_0100-Pano-768x381.jpg 768w, https:\/\/www.raisedbogs.ie\/wp-content\/uploads\/2021\/04\/DJI_0100-Pano-1536x763.jpg 1536w, https:\/\/www.raisedbogs.ie\/wp-content\/uploads\/2021\/04\/DJI_0100-Pano-2048x1017.jpg 2048w\" sizes=\"auto, (max-width: 1024px) 100vw, 1024px\" \/><\/figure><\/li><li class=\"blocks-gallery-item\"><figure><img loading=\"lazy\" decoding=\"async\" width=\"1024\" height=\"506\" src=\"https:\/\/www.raisedbogs.ie\/wp-content\/uploads\/2021\/04\/DJI_0125-Pano-1024x506.jpg\" alt=\"\" data-id=\"1909\" data-link=\"https:\/\/www.raisedbogs.ie\/patches-garden\/dji_0125-pano\/\" class=\"wp-image-1909\" srcset=\"https:\/\/www.raisedbogs.ie\/wp-content\/uploads\/2021\/04\/DJI_0125-Pano-1024x506.jpg 1024w, https:\/\/www.raisedbogs.ie\/wp-content\/uploads\/2021\/04\/DJI_0125-Pano-300x148.jpg 300w, https:\/\/www.raisedbogs.ie\/wp-content\/uploads\/2021\/04\/DJI_0125-Pano-768x380.jpg 768w, https:\/\/www.raisedbogs.ie\/wp-content\/uploads\/2021\/04\/DJI_0125-Pano-1536x760.jpg 1536w, https:\/\/www.raisedbogs.ie\/wp-content\/uploads\/2021\/04\/DJI_0125-Pano-2048x1013.jpg 2048w\" sizes=\"auto, (max-width: 1024px) 100vw, 1024px\" \/><\/figure><\/li><li class=\"blocks-gallery-item\"><figure><img loading=\"lazy\" decoding=\"async\" width=\"1024\" height=\"724\" src=\"https:\/\/www.raisedbogs.ie\/wp-content\/uploads\/2021\/04\/A7_Carrownagappul_0002-page-001-1024x724.jpg\" alt=\"\" data-id=\"1910\" data-link=\"https:\/\/www.raisedbogs.ie\/patches-garden\/a7_carrownagappul_0002-page-001\/\" class=\"wp-image-1910\" srcset=\"https:\/\/www.raisedbogs.ie\/wp-content\/uploads\/2021\/04\/A7_Carrownagappul_0002-page-001-1024x724.jpg 1024w, https:\/\/www.raisedbogs.ie\/wp-content\/uploads\/2021\/04\/A7_Carrownagappul_0002-page-001-300x212.jpg 300w, https:\/\/www.raisedbogs.ie\/wp-content\/uploads\/2021\/04\/A7_Carrownagappul_0002-page-001-768x543.jpg 768w, https:\/\/www.raisedbogs.ie\/wp-content\/uploads\/2021\/04\/A7_Carrownagappul_0002-page-001-1536x1086.jpg 1536w, https:\/\/www.raisedbogs.ie\/wp-content\/uploads\/2021\/04\/A7_Carrownagappul_0002-page-001-2048x1448.jpg 2048w\" sizes=\"auto, (max-width: 1024px) 100vw, 1024px\" \/><\/figure><\/li><li class=\"blocks-gallery-item\"><figure><img loading=\"lazy\" decoding=\"async\" width=\"1024\" height=\"768\" src=\"https:\/\/www.raisedbogs.ie\/wp-content\/uploads\/2021\/04\/paul-connaughton-tommy-cunningham-belgium-ERASMUS-1-1024x768.jpg\" alt=\"\" data-id=\"1911\" data-full-url=\"https:\/\/www.raisedbogs.ie\/wp-content\/uploads\/2021\/04\/paul-connaughton-tommy-cunningham-belgium-ERASMUS-1-scaled.jpg\" data-link=\"https:\/\/www.raisedbogs.ie\/patches-garden\/paul-connaughton-tommy-cunningham-belgium-erasmus-1\/\" class=\"wp-image-1911\" srcset=\"https:\/\/www.raisedbogs.ie\/wp-content\/uploads\/2021\/04\/paul-connaughton-tommy-cunningham-belgium-ERASMUS-1-1024x768.jpg 1024w, https:\/\/www.raisedbogs.ie\/wp-content\/uploads\/2021\/04\/paul-connaughton-tommy-cunningham-belgium-ERASMUS-1-300x225.jpg 300w, https:\/\/www.raisedbogs.ie\/wp-content\/uploads\/2021\/04\/paul-connaughton-tommy-cunningham-belgium-ERASMUS-1-768x576.jpg 768w, https:\/\/www.raisedbogs.ie\/wp-content\/uploads\/2021\/04\/paul-connaughton-tommy-cunningham-belgium-ERASMUS-1-1536x1152.jpg 1536w, https:\/\/www.raisedbogs.ie\/wp-content\/uploads\/2021\/04\/paul-connaughton-tommy-cunningham-belgium-ERASMUS-1-2048x1536.jpg 2048w\" sizes=\"auto, (max-width: 1024px) 100vw, 1024px\" \/><\/figure><\/li><\/ul><\/figure>\n","protected":false},"excerpt":{"rendered":"<p>Ghaird\u00edn Patch M\u00e1 thugann t\u00fa cuairt ar Phortach Beo na Gaillimhe agus tabharfar chuig Gaird\u00edn Patch, teach c\u00f3naithe (agus gaird\u00edn m\u00edor\u00failt\u00ed) Patch Cronin tr\u00e1th. Bh\u00ed Sean-Phatch ina ch\u00f3na\u00ed agus ag [&hellip;]<\/p>\n","protected":false},"author":9,"featured_media":0,"parent":0,"menu_order":0,"comment_status":"closed","ping_status":"closed","template":"","meta":{"_acf_changed":false,"_EventAllDay":false,"_EventTimezone":"","_EventStartDate":"","_EventEndDate":"","_EventStartDateUTC":"","_EventEndDateUTC":"","_EventShowMap":false,"_EventShowMapLink":false,"_EventURL":"","_EventCost":"","_EventCostDescription":"","_EventCurrencySymbol":"","_EventCurrencyCode":"","_EventCurrencyPosition":"","_EventDateTimeSeparator":"","_EventTimeRangeSeparator":"","_EventOrganizerID":[],"_EventVenueID":[],"_OrganizerEmail":"","_OrganizerPhone":"","_OrganizerWebsite":"","_VenueAddress":"","_VenueCity":"","_VenueCountry":"","_VenueProvince":"","_VenueState":"","_VenueZip":"","_VenuePhone":"","_VenueURL":"","_VenueStateProvince":"","_VenueLat":"","_VenueLng":"","_VenueShowMap":false,"_VenueShowMapLink":false,"footnotes":""},"class_list":["post-2955","page","type-page","status-publish","hentry"],"acf":[],"_links":{"self":[{"href":"https:\/\/www.raisedbogs.ie\/ga\/wp-json\/wp\/v2\/pages\/2955","targetHints":{"allow":["GET"]}}],"collection":[{"href":"https:\/\/www.raisedbogs.ie\/ga\/wp-json\/wp\/v2\/pages"}],"about":[{"href":"https:\/\/www.raisedbogs.ie\/ga\/wp-json\/wp\/v2\/types\/page"}],"author":[{"embeddable":true,"href":"https:\/\/www.raisedbogs.ie\/ga\/wp-json\/wp\/v2\/users\/9"}],"replies":[{"embeddable":true,"href":"https:\/\/www.raisedbogs.ie\/ga\/wp-json\/wp\/v2\/comments?post=2955"}],"version-history":[{"count":3,"href":"https:\/\/www.raisedbogs.ie\/ga\/wp-json\/wp\/v2\/pages\/2955\/revisions"}],"predecessor-version":[{"id":3391,"href":"https:\/\/www.raisedbogs.ie\/ga\/wp-json\/wp\/v2\/pages\/2955\/revisions\/3391"}],"wp:attachment":[{"href":"https:\/\/www.raisedbogs.ie\/ga\/wp-json\/wp\/v2\/media?parent=2955"}],"curies":[{"name":"wp","href":"https:\/\/api.w.org\/{rel}","templated":true}]}}